{"id":29,"date":"2018-10-20T18:29:56","date_gmt":"2018-10-20T15:29:56","guid":{"rendered":"https:\/\/lens.istanbul\/?page_id=29"},"modified":"2018-10-28T19:02:14","modified_gmt":"2018-10-28T17:02:14","slug":"hakkimizda","status":"publish","type":"page","link":"https:\/\/lens.istanbul\/tr\/","title":{"rendered":"Hakk\u0131m\u0131zda"},"content":{"rendered":"<p>PG Optik Dan\u0131\u015fmanl\u0131k, global alanda, her y\u00f6n\u00fcyle kaliteyi ve m\u00fckemmeliyeti sa\u011flayarak siz de\u011ferli m\u00fc\u015fterilerimizin beklentilerini a\u015fan bir misyon ile faaliyet g\u00f6stermektedir.<\/p>\n","protected":false},"excerpt":{"rendered":"<p>PG Optik Dan\u0131\u015fmanl\u0131k, global alanda, her y\u00f6n\u00fcyle kaliteyi ve m\u00fckemmeliyeti sa\u011flayarak siz de\u011ferli m\u00fc\u015fterilerimizin beklentilerini a\u015fan bir misyon ile faaliyet g\u00f6stermektedir.<\/p>\n","protected":false},"author":1,"featured_media":142,"parent":0,"menu_order":0,"comment_status":"closed","ping_status":"closed","template":"","meta":[],"_links":{"self":[{"href":"https:\/\/lens.istanbul\/tr\/wp-json\/wp\/v2\/pages\/29"}],"collection":[{"href":"https:\/\/lens.istanbul\/tr\/wp-json\/wp\/v2\/pages"}],"about":[{"href":"https:\/\/lens.istanbul\/tr\/wp-json\/wp\/v2\/types\/page"}],"author":[{"embeddable":true,"href":"https:\/\/lens.istanbul\/tr\/wp-json\/wp\/v2\/users\/1"}],"replies":[{"embeddable":true,"href":"https:\/\/lens.istanbul\/tr\/wp-json\/wp\/v2\/comments?post=29"}],"version-history":[{"count":4,"href":"https:\/\/lens.istanbul\/tr\/wp-json\/wp\/v2\/pages\/29\/revisions"}],"predecessor-version":[{"id":69,"href":"https:\/\/lens.istanbul\/tr\/wp-json\/wp\/v2\/pages\/29\/revisions\/69"}],"wp:featuredmedia":[{"embeddable":true,"href":"https:\/\/lens.istanbul\/tr\/wp-json\/wp\/v2\/media\/142"}],"wp:attachment":[{"href":"https:\/\/lens.istanbul\/tr\/wp-json\/wp\/v2\/media?parent=29"}],"curies":[{"name":"wp","href":"https:\/\/api.w.org\/{rel}","templated":true}]}}