{"id":92,"date":"2018-10-28T12:17:15","date_gmt":"2018-10-28T10:17:15","guid":{"rendered":"https:\/\/lens.istanbul\/?page_id=92"},"modified":"2018-10-28T19:02:58","modified_gmt":"2018-10-28T17:02:58","slug":"about-us","status":"publish","type":"page","link":"https:\/\/lens.istanbul\/en\/","title":{"rendered":"About us"},"content":{"rendered":"<p>PG Optik Dan\u0131\u015fmanl\u0131k is valuable to you by providing quality and excellence on a global scale.<\/p>\n","protected":false},"excerpt":{"rendered":"<p>PG Optik Dan\u0131\u015fmanl\u0131k is valuable to you by providing quality and excellence on a global scale.<\/p>\n","protected":false},"author":1,"featured_media":143,"parent":0,"menu_order":0,"comment_status":"closed","ping_status":"closed","template":"","meta":[],"_links":{"self":[{"href":"https:\/\/lens.istanbul\/en\/wp-json\/wp\/v2\/pages\/92"}],"collection":[{"href":"https:\/\/lens.istanbul\/en\/wp-json\/wp\/v2\/pages"}],"about":[{"href":"https:\/\/lens.istanbul\/en\/wp-json\/wp\/v2\/types\/page"}],"author":[{"embeddable":true,"href":"https:\/\/lens.istanbul\/en\/wp-json\/wp\/v2\/users\/1"}],"replies":[{"embeddable":true,"href":"https:\/\/lens.istanbul\/en\/wp-json\/wp\/v2\/comments?post=92"}],"version-history":[{"count":1,"href":"https:\/\/lens.istanbul\/en\/wp-json\/wp\/v2\/pages\/92\/revisions"}],"predecessor-version":[{"id":93,"href":"https:\/\/lens.istanbul\/en\/wp-json\/wp\/v2\/pages\/92\/revisions\/93"}],"wp:featuredmedia":[{"embeddable":true,"href":"https:\/\/lens.istanbul\/en\/wp-json\/wp\/v2\/media\/143"}],"wp:attachment":[{"href":"https:\/\/lens.istanbul\/en\/wp-json\/wp\/v2\/media?parent=92"}],"curies":[{"name":"wp","href":"https:\/\/api.w.org\/{rel}","templated":true}]}}